{"id":8,"date":"2010-02-10T18:33:44","date_gmt":"2010-02-10T18:33:44","guid":{"rendered":"https:\/\/artisanat.younesdesign.com\/?page_id=8"},"modified":"2023-04-10T14:34:19","modified_gmt":"2023-04-10T14:34:19","slug":"blog","status":"publish","type":"page","link":"https:\/\/artisanat.younesdesign.com\/?page_id=8","title":{"rendered":"Contact"},"content":{"rendered":"<p>Si vous souhaitez acheter ou commander des articles de la collection cr\u00e9\u00e9e par Younes Duret pour le Minist\u00e8re de l&rsquo;Artisanat, ou si vous avez simplement besoin de renseignements, n&rsquo;h\u00e9sitez pas \u00e0 nous joindre \u00e0 <a href=\"mailto:contact@younesdesign.com\" target=\"_new\" rel=\"noopener\">contact@younesdesign.com<\/a> ou \u00e0 consulter notre site web <a href=\"http:\/\/www.younesduret.com\/\" target=\"_new\" rel=\"noopener\">www.younesduret.com<\/a>.<\/p>\n<p>Bien que ce site ne soit plus en activit\u00e9, il demeure accessible sous forme d&rsquo;archive \u00e0 des fins informatives. Nous nous engageons \u00e0 vous r\u00e9pondre dans les meilleurs d\u00e9lais.<\/p>\n","protected":false},"excerpt":{"rendered":"<p>Si vous souhaitez acheter ou commander des articles de la [&hellip;]<\/p>\n","protected":false},"author":1,"featured_media":0,"parent":0,"menu_order":4,"comment_status":"closed","ping_status":"closed","template":"","meta":{"footnotes":""},"class_list":["post-8","page","type-page","status-publish","hentry"],"_links":{"self":[{"href":"https:\/\/artisanat.younesdesign.com\/index.php?rest_route=\/wp\/v2\/pages\/8","targetHints":{"allow":["GET"]}}],"collection":[{"href":"https:\/\/artisanat.younesdesign.com\/index.php?rest_route=\/wp\/v2\/pages"}],"about":[{"href":"https:\/\/artisanat.younesdesign.com\/index.php?rest_route=\/wp\/v2\/types\/page"}],"author":[{"embeddable":true,"href":"https:\/\/artisanat.younesdesign.com\/index.php?rest_route=\/wp\/v2\/users\/1"}],"replies":[{"embeddable":true,"href":"https:\/\/artisanat.younesdesign.com\/index.php?rest_route=%2Fwp%2Fv2%2Fcomments&post=8"}],"version-history":[{"count":13,"href":"https:\/\/artisanat.younesdesign.com\/index.php?rest_route=\/wp\/v2\/pages\/8\/revisions"}],"predecessor-version":[{"id":764,"href":"https:\/\/artisanat.younesdesign.com\/index.php?rest_route=\/wp\/v2\/pages\/8\/revisions\/764"}],"wp:attachment":[{"href":"https:\/\/artisanat.younesdesign.com\/index.php?rest_route=%2Fwp%2Fv2%2Fmedia&parent=8"}],"curies":[{"name":"wp","href":"https:\/\/api.w.org\/{rel}","templated":true}]}}