{"id":6,"date":"2010-02-10T18:27:19","date_gmt":"2010-02-10T18:27:19","guid":{"rendered":"https:\/\/artisanat.younesdesign.com\/?page_id=6"},"modified":"2011-01-04T12:49:10","modified_gmt":"2011-01-04T12:49:10","slug":"damasquinerie","status":"publish","type":"page","link":"https:\/\/artisanat.younesdesign.com\/?page_id=6","title":{"rendered":"Damasquinerie?"},"content":{"rendered":"<h3>D\u00e9finition :<\/h3>\n<ul>La damasquinerie est l\u2019art de la gravure sur acier ou sur fer, dont les tailles re\u00e7oivent ensuite des incrustations d&rsquo;or, d&rsquo;argent ou de cuivre formant de riches dessins et mosa\u00efques.<\/ul>\n<h3>Historique :<\/h3>\n<ul><a href=\"https:\/\/artisanat.younesdesign.com\/wp-content\/uploads\/2010\/02\/vase_louisIX.jpg\" rel=\"prettyPhoto\" title=\"vase ayant servi au bapt\u00eame de Louis IX. Conserv\u00e9 au Louvre, dans le Mus\u00e9e des souverains.\"><img loading=\"lazy\" decoding=\"async\" src=\"https:\/\/artisanat.younesdesign.com\/wp-content\/uploads\/2010\/02\/vase_louisIX-150x150.jpg\" alt=\"\"  width=\"150\" height=\"150\" class=\"alignleft size-thumbnail wp-image-81\" \/><\/a>Les Anciens connaissaient l&rsquo;art de la damasquinerie, et H\u00e9rodote le nomme koll\u00easis. L&rsquo;invention en \u00e9tait attribu\u00e9e \u00e0 Glaucus de Chio, auteur du crat\u00e8re que le roi de Lydie Alyatte offrit au temple de Delphes. Les Romains appelaient cet art ferruminatio; d\u00e8s le Bas-Empire, les peuples du Levant y ont excell\u00e9, principalement les habitants de Damas, et de l\u00e0 vint le nom donn\u00e9 \u00e0 ce genre de travail. Les magnifiques portes de St-Paul-hors-les- Murs, \u00e0 Rome, en bronze damasquin\u00e9, furent ex\u00e9cut\u00e9es en 1070 \u00e0 Constantinople. Un des plus beaux exemples de la damasquinerie orientale est le vase qui a servi au bapt\u00eame de Louis IX, et qui est conserv\u00e9 au Louvre, dans le Mus\u00e9e des souverains.<br \/>\nL&rsquo;art de la damasquinerie, oubli\u00e9 pendant longtemps, reparut en Italie vers le XVe si\u00e8cle, et il y fut cultiv\u00e9 avec beaucoup de succ\u00e8s; on enrichit d&rsquo;\u00e9l\u00e9gantes arabesques les armures, les boucliers, les poign\u00e9es et les fourreaux d&rsquo;\u00e9p\u00e9es. On nomme ce genre de travail lavoro all&rsquo; Azzimina. Un des premiers artistes v\u00e9nitiens de cette \u00e9poque est Paolo, surnomm\u00e9 Azzimino. Viennent ensuite, \u00e0 Milan, Giovanni-Pietro Figino, Bartolomeo Piatti, Francesco Pellizone, Martino Ghinelle, Carlo Sovico, Ferrante Bellino, Pompeo Turcone, Giov. Ambrogio, puis les armuriers Philippa Negroli, Antonio Biancardi, Bernardo Civo, Antonio, Federico et Luccio Piccinini, Romero, etc. Benvenuto Cellini fit des damasquinures dans sa jeunesse. Les Lombards excellaient \u00e0 reproduire les feuilles de lierre et de vigne vierge; les Romains, celles d&rsquo;acanthe avec leurs tiges et Ieurs fleurs, entrem\u00eal\u00e9es d&rsquo;oiseaux et de petits animaux.<br \/>\nLa damasquinerie commen\u00e7a \u00e0 \u00eatre pratiqu\u00e9e en France au XVIe si\u00e8cle (La Renaissance); le bouclier et le casque de Fran\u00e7ois Ier, qu&rsquo;on voit au Cabinet des m\u00e9dailles de Paris, sont des \u0153uvres remarquables, et, sous Henri IV, il y avait d\u00e9j\u00e0 de tr\u00e8s habiles artistes, parmi lesquels se distingua, \u00e0 Paris le fourbisseur Cursinet.<br \/>\nLes musulmans de la Perse introduisirent le damasquinage \u00e0 Tol\u00e8de en Espagne. Ils travaillent principalement les broches et autres bijoux pour orner les danseuses espagnoles.<br \/>\nAujourd\u2019hui, la damasquinerie est un art travaill\u00e9 et appr\u00e9ci\u00e9 par les Marocains. Cet art d\u00e9licat est utilis\u00e9 dans la d\u00e9coration d&rsquo;\u00e9perons, d&rsquo;\u00e9triers, de gardes de sabres mais aussi pour la fabrication de vases, d&rsquo;assiettes, bracelets, bagues, br\u00fble-parfums&#8230;. Au Maroc, cet art de l&rsquo;incrustation d&rsquo;un m\u00e9tal dans un autre fleurit surtout \u00e0 Mekn\u00e8s. Toute fois,  il existe tr\u00e8s peu d\u2019artisans de damasquinerie. On en d\u00e9nombre une petite vingtaine \u00e0 Meknes, une des derni\u00e8res villes dans le monde o\u00f9 ce m\u00e9tier d\u2019art tente \u00e0 perdurer.<\/ul>\n<h3>Op\u00e9rations de damasquinerie :<\/h3>\n<ul>La damasquinerie consiste \u00e0 incruster dans le m\u00e9tal des fils lisses ou torsad\u00e9s en cuivre, en argent ou en or. L&rsquo;objet en fer est chaudronn\u00e9 et lim\u00e9 pour supprimer les traces de soudure. L&rsquo;artisan chauffe la partie \u00e0 incruster, et, avec un couteau en acier dur, pr\u00e9pare son dessin par des hachures grossi\u00e8res. En passant \u00e0 travers la flamme d&rsquo;un r\u00e9chaud \u00e0 gaz, l&rsquo;objet prend une couleur bleu\u00e2tre qui permet \u00e0 l&rsquo;artisan de mieux discerner le dessin qui sera trac\u00e9 avec le fil dans la mati\u00e8re pr\u00e9cieuse choisie.<br \/>\nEn ce qui concerne le proc\u00e9d\u00e9 d\u2019incrustations, il existe plusieurs mani\u00e8res :<\/p>\n<li>On peut simplement poser, en les fixant avec de la cire, les fils d&rsquo;or et d&rsquo;argent sur le dessin,  en suivant scrupuleusement tous les d\u00e9tours, et, par la seule force du marteau, l&rsquo;incrustation s&rsquo;op\u00e8re d&rsquo;une mani\u00e8re suffisante; en p\u00e9n\u00e9trant, le fil se soude au support.<\/li>\n<li>On trace de profondes entailles au burin, et on y introduit des fils m\u00e9talliques plus forts; le marteau ach\u00e8ve l&rsquo;op\u00e9ration ;<\/li>\n<li>lorsqu&rsquo;on a un m\u00e9tal moins dur que l&rsquo;acier, le bronze par exemple, \u00e0 damasquiner, on champl\u00e8ve le m\u00e9tal sur toute la surface de la figure \u00e0 graver; on applique sur le fond une lame mince d&rsquo;or ou d&rsquo;argent, qu&rsquo;on y fixe en rabattant au marteau les bords relev\u00e9s des contours; puis on mod\u00e8le les figures sur la feuille rapport\u00e9e, au moyen des ciselets, des burins ou de poin\u00e7ons \u00e0 estamper.<\/li>\n<p>\nPour finir, l&rsquo;objet passe une nouvelle fois au feu avant d&rsquo;\u00eatre poli, de pr\u00e9f\u00e9rence \u00e0 l&rsquo;aide d&rsquo;une pierre d&rsquo;agate. On plonge la pi\u00e8ce directement dans la forge pour lui donner cette couleur noire qui fait ressortir l&rsquo;argent. Pour \u00e9viter l\u2019oxydation, une huile min\u00e9rale y est appliqu\u00e9e.\n<\/ul>\n<p><a href=\"https:\/\/artisanat.younesdesign.com\/wp-content\/uploads\/2010\/02\/01.jpg\" rel=\"prettyPhoto[pp_gal]\" title=\"L\u2019objet en fer est chaudronn\u00e9 pour lui donner une forme\"><img loading=\"lazy\" decoding=\"async\" src=\"https:\/\/artisanat.younesdesign.com\/wp-content\/uploads\/2010\/02\/01-150x150.jpg\" alt=\"\" width=\"112\" height=\"112\" class=\"alignnone size-thumbnail wp-image-106\" \/><\/a><a href=\"https:\/\/artisanat.younesdesign.com\/wp-content\/uploads\/2010\/02\/02.jpg\" rel=\"prettyPhoto[pp_gal]\" title=\"Un travail de soudure permettra d'assembler les pi\u00e8ces\"><img loading=\"lazy\" decoding=\"async\" src=\"https:\/\/artisanat.younesdesign.com\/wp-content\/uploads\/2010\/02\/02-150x150.jpg\" alt=\"\" width=\"112\" height=\"112\" class=\"alignnone size-thumbnail wp-image-107\" \/><\/a><a href=\"https:\/\/artisanat.younesdesign.com\/wp-content\/uploads\/2010\/02\/03.jpg\" rel=\"prettyPhoto[pp_gal]\" title=\"Apr\u00e8s avoir lim\u00e9 la pi\u00e8ce on la strie afin de la pr\u00e9parer pour les prochaines \u00e9tapes\"><img loading=\"lazy\" decoding=\"async\" src=\"https:\/\/artisanat.younesdesign.com\/wp-content\/uploads\/2010\/02\/03-150x150.jpg\" alt=\"\" width=\"112\" height=\"112\" class=\"alignnone size-thumbnail wp-image-108\" \/><\/a><a href=\"https:\/\/artisanat.younesdesign.com\/wp-content\/uploads\/2010\/02\/04.jpg\" rel=\"prettyPhoto[pp_gal]\" title=\"En passant \u00e0 travers la flamme d\u2019un r\u00e9chaud \u00e0 gaz, l\u2019objet prend une couleur bleu\u00e2tre qui permet \u00e0 l\u2019artisan de mieux discerner le dessin\"><img loading=\"lazy\" decoding=\"async\" src=\"https:\/\/artisanat.younesdesign.com\/wp-content\/uploads\/2010\/02\/04-150x150.jpg\" alt=\"\" width=\"112\" height=\"112\" class=\"alignnone size-thumbnail wp-image-109\" \/><\/a><a href=\"https:\/\/artisanat.younesdesign.com\/wp-content\/uploads\/2010\/02\/05.jpg\" rel=\"prettyPhoto[pp_gal]\" title=\"Trac\u00e9 du motif\"><img loading=\"lazy\" decoding=\"async\" src=\"https:\/\/artisanat.younesdesign.com\/wp-content\/uploads\/2010\/02\/05-150x150.jpg\" alt=\"\" width=\"112\" height=\"112\" class=\"alignnone size-thumbnail wp-image-110\" \/><\/a><a href=\"https:\/\/artisanat.younesdesign.com\/wp-content\/uploads\/2010\/02\/06.jpg\" rel=\"prettyPhoto[pp_gal]\" title=\"Applicationdes fils d\u2019argent sur le dessin, en suivant scrupuleusement tous les d\u00e9tours, et, par la seule force du marteau, l\u2019incrustation s\u2019op\u00e8re d\u2019une mani\u00e8re suffisante; en p\u00e9n\u00e9trant, le fil se soude au support\"><img loading=\"lazy\" decoding=\"async\" src=\"https:\/\/artisanat.younesdesign.com\/wp-content\/uploads\/2010\/02\/06-150x150.jpg\" alt=\"\" width=\"112\" height=\"112\" class=\"alignnone size-thumbnail wp-image-111\" \/><\/a><a href=\"https:\/\/artisanat.younesdesign.com\/wp-content\/uploads\/2010\/02\/07.jpg\" rel=\"prettyPhoto[pp_gal]\" title=\"Pour finir, l\u2019objet passe une nouvelle fois au feu\"><img loading=\"lazy\" decoding=\"async\" src=\"https:\/\/artisanat.younesdesign.com\/wp-content\/uploads\/2010\/02\/07-150x150.jpg\" alt=\"\" width=\"112\" height=\"112\" class=\"alignnone size-thumbnail wp-image-112\" \/><\/a><a href=\"https:\/\/artisanat.younesdesign.com\/wp-content\/uploads\/2010\/02\/08.jpg\" rel=\"prettyPhoto[pp_gal]\" title=\"Il est ensuite poli de pr\u00e9f\u00e9rence \u00e0 l\u2019aide d\u2019une pierre d\u2019agate\"><img loading=\"lazy\" decoding=\"async\" src=\"https:\/\/artisanat.younesdesign.com\/wp-content\/uploads\/2010\/02\/08-150x150.jpg\" alt=\"\" width=\"112\" height=\"112\" class=\"alignnone size-thumbnail wp-image-113\" \/><\/a><a href=\"https:\/\/artisanat.younesdesign.com\/wp-content\/uploads\/2010\/02\/09.jpg\" rel=\"prettyPhoto[pp_gal]\" title=\"On plonge la pi\u00e8ce directement dans la forge pour lui donner cette couleur noire qui fait ressortir l\u2019argent\"><img loading=\"lazy\" decoding=\"async\" src=\"https:\/\/artisanat.younesdesign.com\/wp-content\/uploads\/2010\/02\/09-150x150.jpg\" alt=\"\" width=\"112\" height=\"112\" class=\"alignnone size-thumbnail wp-image-114\" \/><\/a><a href=\"https:\/\/artisanat.younesdesign.com\/wp-content\/uploads\/2010\/02\/10.jpg\" rel=\"prettyPhoto[pp_gal]\" title=\"Objets de damasquinerie\"><img loading=\"lazy\" decoding=\"async\" src=\"https:\/\/artisanat.younesdesign.com\/wp-content\/uploads\/2010\/02\/10-150x150.jpg\" alt=\"\" width=\"112\" height=\"112\" class=\"alignnone size-thumbnail wp-image-115\" \/><\/a><\/p>\n<h3>\u00c9tymologie et citations :<\/h3>\n<ul>\nDamasquin, adjectif form\u00e9 de Damas, et damasquine, s. f. form\u00e9 de damasquin et usit\u00e9 dans le XVIe si\u00e8cle :<\/p>\n<li>Incrustations industrieusement entaill\u00e9es et enrichies d&rsquo;une singuliere peinture et enluminure, dont le vernis \u00e0 la damasquine faisoit sembler les parois estre de verre (YVER p. 522)<\/li>\n<li>Ils chercheront le raccord de la damasquine [du moir\u00e9 du placage] tellement qu&rsquo;il semblera que toutes lesdites tables jointes ensemble, ne sont qu&rsquo;une mesme piece (PALISSY 28)<\/li>\n<li>L&rsquo;eau teinte tombant sur la blanche, a fait plusieurs figures, id\u00e9es, ou damasquin\u00e9es en ladite pierre de jaspe (PALISSY 51)<\/li>\n<li>Une robbe \u00e0 la mode de Perse, longue, damasquin\u00e9e et parfum\u00e9e (MONT. II, 346)<\/li>\n<li>Le bois d&rsquo;erable est plus madr\u00e9, figur\u00e9 et damasquin\u00e9 que nul autre bois (PALISSY 28)<\/li>\n<li>Couvrez la tendre chair de vos greves divines Du cuir damasquin\u00e9 de vos courtes bottines (RONS. 937)<\/li>\n<li>Les Turcs ayment \u00e0 avoir leurs esp\u00e9es qu&rsquo;ils nomment cimeterres, non pas aussi luisantes comme les notres, mais damasquin\u00e9es, c&rsquo;est \u00e0 dire ternies de cost\u00e9 et d&rsquo;autre : par quoy les armuriers s\u00e7avent detremper du sel armonniac et verd avec du vinaigre dedens quelque escuelle, o\u00f9 ils mettent la pointe du cimeterre : lequel estant tenu debout, laissent couler de ladicte mixture tout le long du jour par dessus ; car cela mange un peu le fer ou acier, suivant la veine qu&rsquo;il trouve en longueur, qui luy donne bonne grace, d&rsquo;autant qu&rsquo;on le brunist par apr\u00e8s pour estre plus plaisant \u00e0 la vue (DE LABORDE \u00c9maux, p. 244)<\/li>\n<li>On damasquinait [sous Charlemagne] le fer, on fabriquait le verre , VOLT. , Moeurs, 19<\/li>\n<li>[Le vieux Omer e\u00fbt donn\u00e9] Tout, jusqu&rsquo;au cheval blanc qu&rsquo;il \u00e9l\u00e8ve au s\u00e9rail, Jusqu&rsquo;au frein que l&rsquo;or damasquine , V. HUGO , Orient. 21<\/li>\n<\/ul>\n","protected":false},"excerpt":{"rendered":"<p>D\u00e9finition : La damasquinerie est l\u2019art de la gravure sur [&hellip;]<\/p>\n","protected":false},"author":1,"featured_media":0,"parent":0,"menu_order":2,"comment_status":"closed","ping_status":"closed","template":"","meta":{"footnotes":""},"class_list":["post-6","page","type-page","status-publish","hentry"],"_links":{"self":[{"href":"https:\/\/artisanat.younesdesign.com\/index.php?rest_route=\/wp\/v2\/pages\/6","targetHints":{"allow":["GET"]}}],"collection":[{"href":"https:\/\/artisanat.younesdesign.com\/index.php?rest_route=\/wp\/v2\/pages"}],"about":[{"href":"https:\/\/artisanat.younesdesign.com\/index.php?rest_route=\/wp\/v2\/types\/page"}],"author":[{"embeddable":true,"href":"https:\/\/artisanat.younesdesign.com\/index.php?rest_route=\/wp\/v2\/users\/1"}],"replies":[{"embeddable":true,"href":"https:\/\/artisanat.younesdesign.com\/index.php?rest_route=%2Fwp%2Fv2%2Fcomments&post=6"}],"version-history":[{"count":53,"href":"https:\/\/artisanat.younesdesign.com\/index.php?rest_route=\/wp\/v2\/pages\/6\/revisions"}],"predecessor-version":[{"id":82,"href":"https:\/\/artisanat.younesdesign.com\/index.php?rest_route=\/wp\/v2\/pages\/6\/revisions\/82"}],"wp:attachment":[{"href":"https:\/\/artisanat.younesdesign.com\/index.php?rest_route=%2Fwp%2Fv2%2Fmedia&parent=6"}],"curies":[{"name":"wp","href":"https:\/\/api.w.org\/{rel}","templated":true}]}}