{"id":2,"date":"2010-02-10T11:06:59","date_gmt":"2010-02-10T11:06:59","guid":{"rendered":"https:\/\/artisanat.younesdesign.com\/?page_id=2"},"modified":"2011-01-04T12:48:51","modified_gmt":"2011-01-04T12:48:51","slug":"a-propos","status":"publish","type":"page","link":"https:\/\/artisanat.younesdesign.com\/?page_id=2","title":{"rendered":"\u00c0 propos"},"content":{"rendered":"<p>Ce site est d\u00e9di\u00e9 au <strong>projet d\u2019appui aux artisans de Mekn\u00e8s<\/strong> par la mise \u00e0 leur disposition d\u2019une collection de produits de damasquinerie. C&rsquo;est une collaboration entre le <strong>Minist\u00e8re de l\u2019Artisanat Marocain<\/strong>, l\u2019agence de design global <strong>Younes Design<\/strong>, et bien s\u00fbr les artisans en damasquinerie de Mekn\u00e8s.<\/p>\n<p>L\u2019objectif ici est d\u2019enrichir les lignes de produits des mono artisans de la ville de Mekn\u00e8s sp\u00e9cialis\u00e9s dans la production en produits de damasquinerie, par l\u2019intervention d\u2019un designer, <strong>Younes Duret<\/strong>, et de les adapter aux tendances actuelles du march\u00e9 afin de g\u00e9n\u00e9rer de meilleurs revenus pour les artisans.  Younes Duret concevra donc une collection libre de droits qui sera mise au profit des artisans en vue de les reproduire. Ce projet va permettre de mettre en valeur le savoir faire des artisans de la r\u00e9gion, et d\u2019instaurer un v\u00e9ritable transfert de comp\u00e9tences entre le designer et les artisans mobilis\u00e9s.<\/p>\n<p>Younes Design est un cabinet de recherche et de consultation en cr\u00e9ation \u00e0 Marrakech. L&rsquo;agence est compos\u00e9e d\u2019une \u00e9quipe de 3 personnes : Younes Duret, Associ\u00e9 Designer ; Mia Duret, Associ\u00e9e Manager ; Laurine Hugel, Assistante Designer.<br \/>\nDe p\u00e8re Fran\u00e7ais et de m\u00e8re Marocaine, Younes Duret a toujours v\u00e9cu entre ces deux pays. C\u2019est \u00e0 Casablanca qu\u2019il a vu le jour mais c\u2019est \u00e0 Paris, \u00e0 l\u2019ENSCI, qu\u2019il a \u00e9tudi\u00e9 le design et obtenu son dipl\u00f4me de cr\u00e9ateur industriel avec les f\u00e9licitations du jury. Aujourd\u2019hui, Marrakech est la ville o\u00f9 Younes, avec son associ\u00e9 Mia, dipl\u00f4m\u00e9e d\u2019un Master en Banque et Finance, ont cr\u00e9\u00e9 leur agence en conception de produits.<br \/>\nA l\u2019instar de ses origines, les cr\u00e9ations de Younes sont inspir\u00e9es par le m\u00e9lange de sa double culture. Younes et son \u00e9quipe s&rsquo;efforcent sans cesse d\u2019apporter des solutions adapt\u00e9es \u00e0 vos besoins en cr\u00e9ant des objets innovants o\u00f9 l\u2019esth\u00e9tique est indissociable de l\u2019aspect technique.<\/p>\n","protected":false},"excerpt":{"rendered":"<p>Ce site est d\u00e9di\u00e9 au projet d\u2019appui aux artisans de [&hellip;]<\/p>\n","protected":false},"author":1,"featured_media":0,"parent":0,"menu_order":1,"comment_status":"closed","ping_status":"closed","template":"","meta":{"footnotes":""},"class_list":["post-2","page","type-page","status-publish","hentry"],"_links":{"self":[{"href":"https:\/\/artisanat.younesdesign.com\/index.php?rest_route=\/wp\/v2\/pages\/2","targetHints":{"allow":["GET"]}}],"collection":[{"href":"https:\/\/artisanat.younesdesign.com\/index.php?rest_route=\/wp\/v2\/pages"}],"about":[{"href":"https:\/\/artisanat.younesdesign.com\/index.php?rest_route=\/wp\/v2\/types\/page"}],"author":[{"embeddable":true,"href":"https:\/\/artisanat.younesdesign.com\/index.php?rest_route=\/wp\/v2\/users\/1"}],"replies":[{"embeddable":true,"href":"https:\/\/artisanat.younesdesign.com\/index.php?rest_route=%2Fwp%2Fv2%2Fcomments&post=2"}],"version-history":[{"count":16,"href":"https:\/\/artisanat.younesdesign.com\/index.php?rest_route=\/wp\/v2\/pages\/2\/revisions"}],"predecessor-version":[{"id":610,"href":"https:\/\/artisanat.younesdesign.com\/index.php?rest_route=\/wp\/v2\/pages\/2\/revisions\/610"}],"wp:attachment":[{"href":"https:\/\/artisanat.younesdesign.com\/index.php?rest_route=%2Fwp%2Fv2%2Fmedia&parent=2"}],"curies":[{"name":"wp","href":"https:\/\/api.w.org\/{rel}","templated":true}]}}